{"id":12,"date":"2007-02-26T03:51:29","date_gmt":"2007-02-26T01:51:29","guid":{"rendered":"http:\/\/www.gocmeniz.biz\/?page_id=12"},"modified":"2021-06-03T09:55:55","modified_gmt":"2021-06-03T06:55:55","slug":"linkler","status":"publish","type":"page","link":"https:\/\/www.gocmeniz.biz\/?page_id=12","title":{"rendered":"Linkler"},"content":{"rendered":"<p><strong>Bulgaristan ile ilgili yararl\u0131 olabilece\u011fini d\u00fc\u015f\u00fcnd\u00fc\u011f\u00fcm\u00fcz linkler a\u015fa\u011f\u0131da verilmi\u015ftir.<\/strong><\/p>\n<p><strong>RESM\u0130 KURUMLAR<\/strong><\/p>\n<p><a href=\"http:\/\/www.nap.bg\/\" target=\"_blank\" rel=\"noopener\">Milli Gelirler Ajans\u0131<\/a><br \/>\n(Yeni kurulan <span style=\"font-size: 12px;\">ajans, vergi daireleri ile Sigorta Kurumu (NO\u0130) \u00e7al\u0131\u015fmalar\u0131n\u0131 birle\u015ftiriyor ve sigorta bor\u00e7lar\u0131n\u0131n toplanmas\u0131na yard\u0131mc\u0131 oluyor.)<\/span><br \/>\n<a href=\"http:\/\/www.nsi.bg\/\" target=\"_blank\" rel=\"noopener\">Devlet \u0130statistik Enstit\u00fcs\u00fc<\/a><\/p>\n<p><strong>G\u00dcNL\u00dcK GAZETELER<\/strong><\/p>\n<p><a href=\"http:\/\/www.24chasa.bg\/\" target=\"_blank\" rel=\"noopener\">24 \u00c7asa<\/a><br \/>\n<a href=\"http:\/\/www.monitor.bg\/\" target=\"_blank\" rel=\"noopener\">Monitor<\/a><br \/>\n<a href=\"http:\/\/www.novinar.org\/\" target=\"_blank\" rel=\"noopener\">Novinar<\/a><br \/>\n<a href=\"http:\/\/www.pari.bg\/\" target=\"_blank\" rel=\"noopener\">Pari<\/a><br \/>\n<a href=\"http:\/\/www.segabg.com\/\" target=\"_blank\" rel=\"noopener\">Sega<\/a><br \/>\n<a href=\"http:\/\/www.standartnews.com\/\" target=\"_blank\" rel=\"noopener\">Standart<\/a><br \/>\n<a href=\"http:\/\/www.trud.bg\/\" target=\"_blank\" rel=\"noopener\">Trud<\/a><\/p>\n<p><strong>HAFTALIK GAZETELER<\/strong><\/p>\n<p><a href=\"http:\/\/www.capital.bg\/\" target=\"_blank\" rel=\"noopener\">Kapital<\/a><\/p>\n<p><strong>TV VE RADYO<\/strong><\/p>\n<p><a href=\"http:\/\/www.bnt.bg\/\" target=\"_blank\" rel=\"noopener\">Devlet Televizyonu (BNT)<\/a><br \/>\n<a href=\"http:\/\/www.bnr.bg\/\" target=\"_blank\" rel=\"noopener\">Devlet Radyosu (T\u00fcrk\u00e7e dahil birka\u00e7 dilde)<\/a><br \/>\n<a href=\"http:\/\/www.btv.bg\/\" target=\"_blank\" rel=\"noopener\">bTV<\/a><br \/>\n<a href=\"http:\/\/www.ntv.bg\/\" target=\"_blank\" rel=\"noopener\">NOVA TV<\/a><br \/>\n<a href=\"http:\/\/www.darik.net\/\" target=\"_blank\" rel=\"noopener\">Darik Radyo<\/a><\/p>\n<p><strong><strong>HABER S\u0130TELER\u0130<\/strong><\/strong><\/p>\n<p><a href=\"http:\/\/www.novinite.com\/\" target=\"_blank\" rel=\"noopener\">Novinite (\u0130ngilizce)<\/a><br \/>\n<a href=\"http:\/\/www.bgnes.com\/\" target=\"_blank\" rel=\"noopener\">BGNES (Bulgarca)<\/a><br \/>\n<a href=\"http:\/\/www.focus-news.net\/\" target=\"_blank\" rel=\"noopener\">Focus (Bulgarca)<\/a><\/p>\n<p><strong><strong><strong><strong>\u0130\u015e ARAMA<\/strong><\/strong><\/strong><\/strong><\/p>\n<p><a href=\"http:\/\/www.jobs.bg\/\" target=\"_blank\" rel=\"noopener\">Jobs (Bulgarca ve \u0130ngilizce)<\/a><\/p>\n<p><strong><strong><strong>MOB\u0130L OPERAT\u00d6RLER<\/strong><\/strong><\/strong><\/p>\n<p><a href=\"http:\/\/www.mtel.net\/\" target=\"_blank\" rel=\"noopener\">M-Tel<\/a><br \/>\n<a href=\"http:\/\/www.globul.bg\/\" target=\"_blank\" rel=\"noopener\">Globul<\/a><br \/>\n<a href=\"http:\/\/www.vivatel.bg\/\" target=\"_blank\" rel=\"noopener\">Vivatel<\/a><\/p>\n<p><strong><!--begin www.kitapyurdu.com T\u0131klama-Sat\u0131\u015f link--><\/strong><\/p>\n<p><strong><script src=\"http:\/\/affiliate.kitapyurdu.com\/affiliatepicnew.asp?AID=7948&amp;amp;Type=1&amp;amp;resim=2\" type=\"text\/javascript\"><\/script> <\/strong><\/p>\n<p>&nbsp;<\/p>\n<p><strong><strong><strong><strong><!--end www.kitapyurdu.com link--><\/strong><\/strong><\/strong><\/strong><\/p>\n<p><strong>BULGAR\u0130STAN G\u00d6\u00c7MENLER\u0130 \u0130LE \u0130LG\u0130L\u0130 Z\u0130YARET EDEB\u0130LECE\u011e\u0130N\u0130Z D\u0130\u011eER S\u0130TELER <\/strong><\/p>\n<p>www.gocmenim.com<br \/>\n<a href=\"http:\/\/www.radyoboyko.com\">www.radyoboyko.com<\/a><br \/>\n<a href=\"http:\/\/www.gocmeniz.net\">www.gocmeniz.net<\/a><br \/>\n<a href=\"http:\/\/www.chalgaparty.com\">www.chalgaparty.com<\/a><br \/>\nwww.bggocmenler.com<br \/>\n<a href=\"http:\/\/www.gocmenalemi.com\">www.gocmenalemi.com<\/a><br \/>\nwww.gocmenonline.com<br \/>\n<a href=\"http:\/\/www.gocmenfm.com\">www.gocmenfm.com<\/a><br \/>\nwww.bratko.biz<br \/>\n<a href=\"http:\/\/www.bulgaristanbul.com\">www.bulgaristanbul.com<\/a><br \/>\n<a href=\"http:\/\/www.bgsohbet.net\">www.bgsohbet.net<\/a><br \/>\n<a href=\"http:\/\/www.gocmencity.com\">www.gocmencity.com<\/a><br \/>\n<a href=\"http:\/\/www.radyobalkan.com\">www.radyobalkan.com<\/a><br \/>\n<a href=\"http:\/\/www.soydaslar.org\">www.soydaslar.org<\/a><br \/>\nwww.balkanturkleriyiz.biz<br \/>\nwww.muhacir.net<br \/>\n<a href=\"http:\/\/www.gocmenler.biz\">www.gocmenler.biz<\/a><br \/>\n<a href=\"http:\/\/www.bratchat.org\">www.bratchat.org<\/a><\/p>\n<p><strong>EL\u00c7\u0130L\u0130K VE KONSOLOSLUKLAR<\/strong><\/p>\n<p>T.C. Sofya B\u00fcy\u00fckel\u00e7ili\u011fi<br \/>\nBoulevard Vasil Levski, No: 80, Sofia 1000 Tel: 00 359 2 9355500, Faks: 00 359 2 9819358<\/p>\n<p>T.C. Plovdiv Ba\u015fkonsoloslu\u011fu<br \/>\nFilip Makedonski, No: 10, Plovdiv 4000 Tel: (00 359 32) 632309, 624010, 624020, Faks: 624839<\/p>\n<p>T.C. Burgas Ba\u015fkonsoloslu\u011fu<br \/>\nBoulevard Demokratsia, No : 38, Bourgas Tel: (00 359 56) 879940, Faks: 821700<\/p>\n<p>Amerikan B\u00fcy\u00fckel\u00e7ili\u011fi<br \/>\nUl. S\u0131borna, No: 1 Tel: 937-5100<\/p>\n<p>\u0130ngiltere B\u00fcy\u00fckel\u00e7ili\u011fi<br \/>\nAdres: Ul. Moskovska, No: 9 Tel: 933 9222<\/p>\n<p>Hollanda B\u00fcy\u00fckel\u00e7ili\u011fi<br \/>\nUl: Obori\u015fte, No:15 Tel: 81 60 300<\/p>\n<p>Almanya B\u00fcy\u00fckel\u00e7ili\u011fi<br \/>\nUl. Frederik Julio K\u00fcri, No:25 Tel: 918 380 \/ 963 45 18<\/p>\n<p>Bel\u00e7ika B\u00fcy\u00fckel\u00e7ili\u011fi<br \/>\nPls. Vel\u00e7ova Zavera, No:1 Tel: 9887290 \/ 9633662<\/p>\n<p>Romanya B\u00fcy\u00fckel\u00e7ili\u011fi<br \/>\nBul.Sitnyakovo, No:4 Tel: 971 28 58<\/p>\n<p>Makedonya B\u00fcy\u00fckel\u00e7ili\u011fi<br \/>\nUl. Frederik Julio K\u00fcri, No:17 Tel: 971 28 32<\/p>\n<p>Yunanistan B\u00fcy\u00fckel\u00e7ili\u011fi<br \/>\nUl. San Stefano, No:33 Tel: 946 10 27<\/p>\n<p><strong>\u00d6NEML\u0130 TELEFONLAR<\/strong><\/p>\n<p>\u0130tfaiye &#8211; 160, Polis &#8211; 166, Acil Servis &#8211; 150, Trafik Polisi 165, Da\u011f Kurtarma Dairesi &#8211; 963-20-00 \/ 963-03-77, Sofya Havaalan\u0131 &#8211; 937-22-13, Merkez \u0130stasyon &#8211; 931-11-11, Otogar: Ov\u00e7a Kupel (Zapad) &#8211; 955 53 62, Poduyane &#8211; 847 42 62, Yug (\u0130zgrev) &#8211; 722 345, Sofya Telefon Rehberi: 144, 145, \u00dclke Telefon Rehberi: 987 31 31, Sofiyska Voda Merkez: 920-17-43, Telefon Ar\u0131za: 130, Merkez Posta: 981 78 78, Uyand\u0131rma Servisi: 120,<\/p>\n<p><strong>BAZI DEVLET KURUMLARI<\/strong><\/p>\n<p>Cumhurba\u015fkanl\u0131\u011f\u0131<br \/>\nUl. Knyaz Al. Dondukov No:2, 1000 Sofya Tel: (02) 9239333<\/p>\n<p>Ba\u015fbakanl\u015fk<br \/>\nBul. Dondukov No:1, 1000 Sofya Tel: 940 29 99, 981 33 75, 940 27 70 http:\/\/www.government.bg<\/p>\n<p>Meclis<br \/>\nUl. Knyaz Aleksand\u0131r Batenberg, No:1 Tel: 939 25 30 \/ 939 24 04 \/ 988 26 25 http:\/\/www.parliament.bg<\/p>\n<p>D\u0131\u015fi\u015fleri Bakanl\u0131\u011f\u0131<br \/>\n1113, Ul. Al. Jendov, No:2 Tel: (02) 71431 http:\/\/www.mfa.government.bg<\/p>\n<p>\u0130\u00e7i\u015fleri Bakanl\u0131\u011f\u0131<br \/>\nUl. 6-ti Septemvri, No:29 1000 Sofya Tel: (02) 9880131 http:\/\/www.mvr.bg<\/p>\n<p>Ekonomi Bakanl\u0131\u011f\u0131<br \/>\nUl. Slavianska No:8 Tel: 940 7303 http:\/\/www.mi.government.bg<\/p>\n<p>Tar\u0131m ve Ormanlar Bakanl\u0131\u011f\u0131<br \/>\nBul. Hristo Botev No: 55 Tel: 985-11-254 WEB: http:\/\/www.mzgar.government.bg<\/p>\n<p><strong>OTELLER<\/strong><\/p>\n<p>SOFIA PRINCESS HOTEL<br \/>\n1202 Sofia, 131 Maria Luiza blvd. Tel: +359 2 9338888 +359 2 9338668 Fax: +359 2 9338777 http:\/\/princess.pc-link.net<\/p>\n<p>HILTON HOTEL<br \/>\nSof\u0131a 1421 1 Bulgar\u0131a blvd. Tel: +359 2 9335000 Fax: +359 2 9335111 e-mail: events.sofia@hilton.com http:\/\/hilton.bg<\/p>\n<p>SHERATON SOFIA HOTEL BALKAN<br \/>\nSofia Bulgaria 5 Sveta Nedelya Square, Tel: (359)(2) 9816541 Fax: (359)(2) 9806464<\/p>\n<p>KEMPINSKI HOTEL ZOGRAVSKI<br \/>\n1407 Sofia 100 James Bourchier Blvd Tel: +35929692222 Fax: +359 2 969 2223 www.kempinski.bg www.kempinski.com<\/p>\n<p>SUN HOTEL<br \/>\nSofia 1202 89 Maria Luiza, Tel: +359 2 983 3670 Fax: +359 2 983 5389 E-mail: info@sunhotel-bg.com<\/p>\n<p><strong>RENTA CAR<\/strong><\/p>\n<p>RENTAUTO<br \/>\nSofia 44 Sredna gora str., Tel. 988-12-99 GSM: 0888\/35-76-57 0888\/31-20-87 e-mail: rentauto@rentautobg.com<\/p>\n<p>ROTTO<br \/>\n1303 Sofia, 44 Bulgarska Morava str. Tel\/Fax: 02\/9204052 GSM:. 098\/674118, 0888\/ 970 154 E-mail: office@rotto-bg.com<\/p>\n<p>SAVOYRENT<br \/>\n1172 Sofia 16 Nikola Gabrovski blvd. Tel: +35929621941 GSM: +359887239483 e-mail: savoyrent@abv.bg<\/p>\n<p>STAVREV<br \/>\nSofia kv. Krasno selo bl.189 B E-mail: ivstavrev@abv.bg Tel. +359 2 9558751 GSM:+359888315445<\/p>\n<p>NOT: Daha fazla bilgi i\u00e7in: http:\/\/www.info.bg\/Firms\/Transport\/1090\/<\/p>\n<p><strong>TUR\u0130ZM AJANSLARI<\/strong><\/p>\n<p>CHI TRAVEL<br \/>\n1606 Sofia, Bulgaria 1-B D. Traikovich str. Tel: +359 2 520332 Fax: +359 2 9532611 E-mail: chi-trav@bgnetbg<\/p>\n<p>RADEZKI<br \/>\n1504 Sofia 25 Zar Osvoboditel Blvd. Tel\/Fax: +35929443680 35929433541 GSM: +35948761232<\/p>\n<p>TANSU TRAVEL<br \/>\n1165 Sofia 15 Frityof Nansen Blvd. Tel: +35929888168, +359 2 9 865 862 Fax: +359 2 9 865 862<\/p>\n<p>NAJJAR TRAVEL<br \/>\nSofia, 8 Pozitano Str. Tel. 981 2612 Fax. 981 1492 e-mail: office@najjartravel.com<\/p>\n<p>BULGARIA TRAVEL<br \/>\nSofia, 2 Vesletz str. Tel: +359 2 988 49 69 Fax: +359 2 988 49 69<\/p>\n","protected":false},"excerpt":{"rendered":"<p>Bulgaristan ile ilgili yararl\u0131 olabilece\u011fini d\u00fc\u015f\u00fcnd\u00fc\u011f\u00fcm\u00fcz linkler a\u015fa\u011f\u0131da verilmi\u015ftir. RESM\u0130 KURUMLAR Milli Gelirler Ajans\u0131 (Yeni kurulan ajans, vergi daireleri ile Sigorta Kurumu (NO\u0130) \u00e7al\u0131\u015fmalar\u0131n\u0131 birle\u015ftiriyor ve sigorta bor\u00e7lar\u0131n\u0131n toplanmas\u0131na yard\u0131mc\u0131 oluyor.) Devlet \u0130statistik Enstit\u00fcs\u00fc G\u00dcNL\u00dcK GAZETELER 24 \u00c7asa Monitor Novinar Pari Sega Standart Trud HAFTALIK GAZETELER Kapital TV VE RADYO Devlet Televizyonu (BNT) Devlet Radyosu [&hellip;]<\/p>\n","protected":false},"author":1,"featured_media":0,"parent":2771,"menu_order":0,"comment_status":"closed","ping_status":"closed","template":"","meta":{"advanced_seo_description":"","jetpack_seo_html_title":"","jetpack_seo_noindex":false,"ngg_post_thumbnail":0,"jetpack_post_was_ever_published":false,"footnotes":""},"class_list":["post-12","page","type-page","status-publish","hentry"],"jetpack_shortlink":"https:\/\/wp.me\/PaHHlZ-c","jetpack-related-posts":[{"id":1909,"url":"https:\/\/www.gocmeniz.biz\/?page_id=1909","url_meta":{"origin":12,"position":0},"title":"Gurbet\u00e7i Rehberi","author":"Haberci","date":"12 Kas\u0131m 2009","format":false,"excerpt":"Bu sayfadaki i\u00e7eriklerin yay\u0131mland\u0131\u011f\u0131 tarih: 12 Kas\u0131m 2009'dur. GURBET\u00c7\u0130 REHBER\u0130 Avrupa\u2019dan gelip Bulgaristan \u00fczerinden T\u00fcrkiye\u2019ye giden vatanda\u015flar\u0131n Bulgaristan hakk\u0131nda bilmesi gereken yararl\u0131 bilgiler: Avrupa\u2019dan gelen gurbet\u00e7iler S\u0131rbistan veya Romanya \u00fczerinden Bulgaristan\u2019a gidebilir. S\u0131rbistan\u2019dan Bulgaristan\u2019a giren gurbet\u00e7iler, Sofya \u2013 Plovdiv \u2013 Haskovo \u2013 Harmanli \u2013 Svilengrad \u2013 Kap\u0131kule g\u00fczergah\u0131n\u0131 kullanabilir. Ruse\u2019den\u2026","rel":"","context":"&quot;Haberler&quot; i\u00e7inde","block_context":{"text":"Haberler","link":"https:\/\/www.gocmeniz.biz\/?cat=5"},"img":{"alt_text":"","src":"","width":0,"height":0},"classes":[]},{"id":677,"url":"https:\/\/www.gocmeniz.biz\/?page_id=677","url_meta":{"origin":12,"position":1},"title":"BG ve AB","author":"Haberci","date":"06 Aral\u0131k 2008","format":false,"excerpt":"Bu sayfadaki i\u00e7eriklerin son g\u00fcncelleme tarihi 6 Aral\u0131k 2008'dir. Avrupa Bulgaristan i\u00e7in ne yapabilir? Bulgaristan siyasi g\u00fc\u00e7lerinin temsilcileri, \u201cFriedrich Ebert\u201d vakf\u0131 taraf\u0131ndan d\u00fczenlenen tart\u0131\u015fma toplant\u0131s\u0131nda bir araya gelerek Avrupa\u2019n\u0131n Bulgaristan i\u00e7in ne yapabilece\u011fi sorusuna yan\u0131t bulmaya \u00e7al\u0131\u015ft\u0131. Ama\u00e7, \u00fclkemizin AB \u00fcyeli\u011finin bir\u00e7ok yarar sa\u011flad\u0131\u011f\u0131n\u0131n ve AB\u2019nin sundu\u011fu f\u0131rsatlar\u0131n de\u011ferlendirilmesi a\u00e7\u0131s\u0131ndan\u2026","rel":"","context":"&quot;Haberler&quot; i\u00e7inde","block_context":{"text":"Haberler","link":"https:\/\/www.gocmeniz.biz\/?cat=5"},"img":{"alt_text":"","src":"","width":0,"height":0},"classes":[]},{"id":2588,"url":"https:\/\/www.gocmeniz.biz\/?page_id=2588","url_meta":{"origin":12,"position":2},"title":"Konsolosluk Notlar\u0131","author":"Haberci","date":"09 \u015eubat 2019","format":false,"excerpt":"Bulgaristan konsoloslu\u011funda s\u00fcrekli de\u011fi\u015fen uygulamalar olsa da, konsolosluk taraf\u0131nda ger\u00e7ekle\u015ftirdi\u011fimiz birka\u00e7 i\u015flem ile ilgili bilgileri sizlerle payla\u015fmak istedik. \u00c7ift vatanda\u015f\u0131z ve T\u00fcrkiye'de \u00e7ocu\u011fumuz oldu, Bulgaristan vatanda\u015fl\u0131\u011f\u0131 i\u00e7in ne yapmal\u0131y\u0131z ? Ba\u011fl\u0131 oldu\u011funuz n\u00fcfus m\u00fcd\u00fcrl\u00fc\u011f\u00fcnden; Ailenin a\u00e7\u0131klamal\u0131 n\u00fcfus kay\u0131t \u00f6rne\u011fi - Kaymakaml\u0131ktan apostil yapt\u0131r\u0131lacakt\u0131r. Anne ve baban\u0131n isim denklik belgeleri. -\u2026","rel":"","context":"Benzer yaz\u0131","block_context":{"text":"Benzer yaz\u0131","link":""},"img":{"alt_text":"","src":"https:\/\/i0.wp.com\/www.gocmeniz.biz\/wp-content\/image-1.png?resize=350%2C200&ssl=1","width":350,"height":200,"srcset":"https:\/\/i0.wp.com\/www.gocmeniz.biz\/wp-content\/image-1.png?resize=350%2C200&ssl=1 1x, https:\/\/i0.wp.com\/www.gocmeniz.biz\/wp-content\/image-1.png?resize=525%2C300&ssl=1 1.5x"},"classes":[]}],"jetpack_sharing_enabled":true,"jetpack_likes_enabled":true,"_links":{"self":[{"href":"https:\/\/www.gocmeniz.biz\/index.php?rest_route=\/wp\/v2\/pages\/12","targetHints":{"allow":["GET"]}}],"collection":[{"href":"https:\/\/www.gocmeniz.biz\/index.php?rest_route=\/wp\/v2\/pages"}],"about":[{"href":"https:\/\/www.gocmeniz.biz\/index.php?rest_route=\/wp\/v2\/types\/page"}],"author":[{"embeddable":true,"href":"https:\/\/www.gocmeniz.biz\/index.php?rest_route=\/wp\/v2\/users\/1"}],"replies":[{"embeddable":true,"href":"https:\/\/www.gocmeniz.biz\/index.php?rest_route=%2Fwp%2Fv2%2Fcomments&post=12"}],"version-history":[{"count":0,"href":"https:\/\/www.gocmeniz.biz\/index.php?rest_route=\/wp\/v2\/pages\/12\/revisions"}],"up":[{"embeddable":true,"href":"https:\/\/www.gocmeniz.biz\/index.php?rest_route=\/wp\/v2\/pages\/2771"}],"wp:attachment":[{"href":"https:\/\/www.gocmeniz.biz\/index.php?rest_route=%2Fwp%2Fv2%2Fmedia&parent=12"}],"curies":[{"name":"wp","href":"https:\/\/api.w.org\/{rel}","templated":true}]}}