{"id":2588,"date":"2019-02-09T01:41:05","date_gmt":"2019-02-08T22:41:05","guid":{"rendered":"http:\/\/www.gocmeniz.biz\/?page_id=2588"},"modified":"2026-04-07T10:43:30","modified_gmt":"2026-04-07T07:43:30","slug":"konsolosluk-notlari","status":"publish","type":"page","link":"https:\/\/www.gocmeniz.biz\/?page_id=2588","title":{"rendered":"Konsolosluk Notlar\u0131"},"content":{"rendered":"\n<p>Bulgaristan konsoloslu\u011funda s\u00fcrekli de\u011fi\u015fen uygulamalar olsa da, konsolosluk taraf\u0131nda ger\u00e7ekle\u015ftirdi\u011fimiz birka\u00e7 i\u015flem ile ilgili bilgileri sizlerle payla\u015fmak istedik.<\/p>\n\n\n\n<p><strong>\u00c7ift vatanda\u015f\u0131z ve T\u00fcrkiye&#8217;de \u00e7ocu\u011fumuz oldu, Bulgaristan vatanda\u015fl\u0131\u011f\u0131 i\u00e7in ne yapmal\u0131y\u0131z ?<\/strong><\/p>\n\n\n\n<p>Ba\u011fl\u0131 oldu\u011funuz n\u00fcfus m\u00fcd\u00fcrl\u00fc\u011f\u00fcnden;<\/p>\n\n\n\n<ul class=\"wp-block-list\">\n<li>Ailenin a\u00e7\u0131klamal\u0131 n\u00fcfus kay\u0131t \u00f6rne\u011fi &#8211; Kaymakaml\u0131ktan apostil yapt\u0131r\u0131lacakt\u0131r.<\/li>\n\n\n\n<li>Anne ve baban\u0131n isim denklik belgeleri. &#8211; N\u00fcfus m\u00fcd\u00fcrl\u00fc\u011f\u00fcnde isim denklik belgeniz var ise \u015fansl\u0131s\u0131n\u0131z, yok ise; 89 g\u00f6\u00e7menleri pasaport terc\u00fcmesi yapt\u0131rarak alabilirler. &#8211; Kaymakaml\u0131ktan apostil yapt\u0131r\u0131lacakt\u0131r. <\/li>\n\n\n\n<li>\u00c7ocu\u011fun do\u011fum kay\u0131t \u00f6rne\u011fi &#8211; Kaymakaml\u0131ktan apostil yapt\u0131r\u0131lacakt\u0131r.  <\/li>\n\n\n\n<li>Evlilik kay\u0131t \u00f6rne\u011fi (Form\u00fcl B) &#8211; Kaymakaml\u0131ktan apostil yapt\u0131r\u0131lacakt\u0131r. (ikinci \u00e7ocu\u011funuz olursa, onun Bulgaristan vatanda\u015fl\u0131\u011f\u0131 i\u015flemlerinde bu belge gerekmeyecektir. \u0130lk \u00e7ocukta gereklidir.) &#8211; Kaymakaml\u0131ktan apostil yapt\u0131r\u0131lacakt\u0131r.    <\/li>\n<\/ul>\n\n\n\n<p>Belgeleri toplad\u0131n\u0131z, apostil yapt\u0131rd\u0131n\u0131z.<br>\u015eimdi belgeleri ilgili Bulgaristan makamlar\u0131na g\u00f6ndermeniz gerekiyor. <br>\u0130lk \u00e7ocu\u011fumuzda \u0130stanbul &#8211; Avc\u0131lar&#8217;da Armes Terc\u00fcme b\u00fcrosunda Semra Han\u0131m bu s\u00fcre\u00e7te yard\u0131mc\u0131 olmu\u015ftu, o zamanlarda evraklar Sofya&#8217;ya D\u0131\u015f \u0130\u015fleri Bakanl\u0131\u011f\u0131&#8217;na g\u00f6nderiliyordu diye biliyorum. Orada da Bulgarca terc\u00fcme ve apostil yap\u0131l\u0131p, belgeler geri g\u00f6nderiliyor.<\/p>\n\n\n\n<p>\u0130\u015flemler konusunda a\u015fa\u011f\u0131daki bilgilerden G\u00fcrsel Bey ile de ileti\u015fime ge\u00e7ebilirsiniz;<\/p>\n\n\n\n<p><strong>+90 532 675 06 42<\/strong><\/p>\n\n\n\n<figure class=\"wp-block-image size-full\"><a href=\"https:\/\/i0.wp.com\/www.gocmeniz.biz\/wp-content\/image-1.png?ssl=1\"><img data-recalc-dims=\"1\"  title=\"\" loading=\"lazy\" decoding=\"async\" width=\"640\" height=\"640\" src=\"https:\/\/i0.wp.com\/www.gocmeniz.biz\/wp-content\/image-1.png?resize=640%2C640&#038;ssl=1\"  alt=\"image-1 Konsolosluk Notlar\u0131\"  class=\"wp-image-8271\" srcset=\"https:\/\/i0.wp.com\/www.gocmeniz.biz\/wp-content\/image-1.png?w=640&amp;ssl=1 640w, https:\/\/i0.wp.com\/www.gocmeniz.biz\/wp-content\/image-1.png?resize=300%2C300&amp;ssl=1 300w, https:\/\/i0.wp.com\/www.gocmeniz.biz\/wp-content\/image-1.png?resize=150%2C150&amp;ssl=1 150w\" sizes=\"auto, (max-width: 640px) 100vw, 640px\" \/><\/a><\/figure>\n\n\n\n<p><\/p>\n","protected":false},"excerpt":{"rendered":"<p>Bulgaristan konsoloslu\u011funda s\u00fcrekli de\u011fi\u015fen uygulamalar olsa da, konsolosluk taraf\u0131nda ger\u00e7ekle\u015ftirdi\u011fimiz birka\u00e7 i\u015flem ile ilgili bilgileri sizlerle payla\u015fmak istedik. \u00c7ift vatanda\u015f\u0131z ve T\u00fcrkiye&#8217;de \u00e7ocu\u011fumuz oldu, Bulgaristan vatanda\u015fl\u0131\u011f\u0131 i\u00e7in ne yapmal\u0131y\u0131z ? Ba\u011fl\u0131 oldu\u011funuz n\u00fcfus m\u00fcd\u00fcrl\u00fc\u011f\u00fcnden; Belgeleri toplad\u0131n\u0131z, apostil yapt\u0131rd\u0131n\u0131z.\u015eimdi belgeleri ilgili Bulgaristan makamlar\u0131na g\u00f6ndermeniz gerekiyor. \u0130lk \u00e7ocu\u011fumuzda \u0130stanbul &#8211; Avc\u0131lar&#8217;da Armes Terc\u00fcme b\u00fcrosunda Semra Han\u0131m bu [&hellip;]<\/p>\n","protected":false},"author":331,"featured_media":0,"parent":2771,"menu_order":0,"comment_status":"closed","ping_status":"closed","template":"","meta":{"advanced_seo_description":"","jetpack_seo_html_title":"","jetpack_seo_noindex":false,"ngg_post_thumbnail":0,"jetpack_post_was_ever_published":false,"footnotes":""},"class_list":["post-2588","page","type-page","status-publish","hentry"],"jetpack_shortlink":"https:\/\/wp.me\/PaHHlZ-FK","jetpack-related-posts":[{"id":677,"url":"https:\/\/www.gocmeniz.biz\/?page_id=677","url_meta":{"origin":2588,"position":0},"title":"BG ve AB","author":"Haberci","date":"06 Aral\u0131k 2008","format":false,"excerpt":"Bu sayfadaki i\u00e7eriklerin son g\u00fcncelleme tarihi 6 Aral\u0131k 2008'dir. Avrupa Bulgaristan i\u00e7in ne yapabilir? Bulgaristan siyasi g\u00fc\u00e7lerinin temsilcileri, \u201cFriedrich Ebert\u201d vakf\u0131 taraf\u0131ndan d\u00fczenlenen tart\u0131\u015fma toplant\u0131s\u0131nda bir araya gelerek Avrupa\u2019n\u0131n Bulgaristan i\u00e7in ne yapabilece\u011fi sorusuna yan\u0131t bulmaya \u00e7al\u0131\u015ft\u0131. Ama\u00e7, \u00fclkemizin AB \u00fcyeli\u011finin bir\u00e7ok yarar sa\u011flad\u0131\u011f\u0131n\u0131n ve AB\u2019nin sundu\u011fu f\u0131rsatlar\u0131n de\u011ferlendirilmesi a\u00e7\u0131s\u0131ndan\u2026","rel":"","context":"&quot;Haberler&quot; i\u00e7inde","block_context":{"text":"Haberler","link":"https:\/\/www.gocmeniz.biz\/?cat=5"},"img":{"alt_text":"","src":"","width":0,"height":0},"classes":[]},{"id":1909,"url":"https:\/\/www.gocmeniz.biz\/?page_id=1909","url_meta":{"origin":2588,"position":1},"title":"Gurbet\u00e7i Rehberi","author":"Haberci","date":"12 Kas\u0131m 2009","format":false,"excerpt":"Bu sayfadaki i\u00e7eriklerin yay\u0131mland\u0131\u011f\u0131 tarih: 12 Kas\u0131m 2009'dur. GURBET\u00c7\u0130 REHBER\u0130 Avrupa\u2019dan gelip Bulgaristan \u00fczerinden T\u00fcrkiye\u2019ye giden vatanda\u015flar\u0131n Bulgaristan hakk\u0131nda bilmesi gereken yararl\u0131 bilgiler: Avrupa\u2019dan gelen gurbet\u00e7iler S\u0131rbistan veya Romanya \u00fczerinden Bulgaristan\u2019a gidebilir. S\u0131rbistan\u2019dan Bulgaristan\u2019a giren gurbet\u00e7iler, Sofya \u2013 Plovdiv \u2013 Haskovo \u2013 Harmanli \u2013 Svilengrad \u2013 Kap\u0131kule g\u00fczergah\u0131n\u0131 kullanabilir. Ruse\u2019den\u2026","rel":"","context":"&quot;Haberler&quot; i\u00e7inde","block_context":{"text":"Haberler","link":"https:\/\/www.gocmeniz.biz\/?cat=5"},"img":{"alt_text":"","src":"","width":0,"height":0},"classes":[]},{"id":12,"url":"https:\/\/www.gocmeniz.biz\/?page_id=12","url_meta":{"origin":2588,"position":2},"title":"Linkler","author":"Admin","date":"26 \u015eubat 2007","format":false,"excerpt":"Bulgaristan ile ilgili yararl\u0131 olabilece\u011fini d\u00fc\u015f\u00fcnd\u00fc\u011f\u00fcm\u00fcz linkler a\u015fa\u011f\u0131da verilmi\u015ftir. RESM\u0130 KURUMLAR Milli Gelirler Ajans\u0131 (Yeni kurulan ajans, vergi daireleri ile Sigorta Kurumu (NO\u0130) \u00e7al\u0131\u015fmalar\u0131n\u0131 birle\u015ftiriyor ve sigorta bor\u00e7lar\u0131n\u0131n toplanmas\u0131na yard\u0131mc\u0131 oluyor.) Devlet \u0130statistik Enstit\u00fcs\u00fc G\u00dcNL\u00dcK GAZETELER 24 \u00c7asa Monitor Novinar Pari Sega Standart Trud HAFTALIK GAZETELER Kapital TV VE RADYO\u2026","rel":"","context":"&quot;Haberler&quot; i\u00e7inde","block_context":{"text":"Haberler","link":"https:\/\/www.gocmeniz.biz\/?cat=5"},"img":{"alt_text":"","src":"","width":0,"height":0},"classes":[]}],"jetpack_sharing_enabled":true,"jetpack_likes_enabled":true,"_links":{"self":[{"href":"https:\/\/www.gocmeniz.biz\/index.php?rest_route=\/wp\/v2\/pages\/2588","targetHints":{"allow":["GET"]}}],"collection":[{"href":"https:\/\/www.gocmeniz.biz\/index.php?rest_route=\/wp\/v2\/pages"}],"about":[{"href":"https:\/\/www.gocmeniz.biz\/index.php?rest_route=\/wp\/v2\/types\/page"}],"author":[{"embeddable":true,"href":"https:\/\/www.gocmeniz.biz\/index.php?rest_route=\/wp\/v2\/users\/331"}],"replies":[{"embeddable":true,"href":"https:\/\/www.gocmeniz.biz\/index.php?rest_route=%2Fwp%2Fv2%2Fcomments&post=2588"}],"version-history":[{"count":1,"href":"https:\/\/www.gocmeniz.biz\/index.php?rest_route=\/wp\/v2\/pages\/2588\/revisions"}],"predecessor-version":[{"id":9703,"href":"https:\/\/www.gocmeniz.biz\/index.php?rest_route=\/wp\/v2\/pages\/2588\/revisions\/9703"}],"up":[{"embeddable":true,"href":"https:\/\/www.gocmeniz.biz\/index.php?rest_route=\/wp\/v2\/pages\/2771"}],"wp:attachment":[{"href":"https:\/\/www.gocmeniz.biz\/index.php?rest_route=%2Fwp%2Fv2%2Fmedia&parent=2588"}],"curies":[{"name":"wp","href":"https:\/\/api.w.org\/{rel}","templated":true}]}}