{"id":2771,"date":"2021-06-03T09:54:53","date_gmt":"2021-06-03T06:54:53","guid":{"rendered":"http:\/\/www.gocmeniz.biz\/?page_id=2771"},"modified":"2021-06-03T09:54:55","modified_gmt":"2021-06-03T06:54:55","slug":"arsiv","status":"publish","type":"page","link":"https:\/\/www.gocmeniz.biz\/?page_id=2771","title":{"rendered":"Ar\u015fiv"},"content":{"rendered":"","protected":false},"excerpt":{"rendered":"","protected":false},"author":331,"featured_media":0,"parent":0,"menu_order":0,"comment_status":"closed","ping_status":"closed","template":"","meta":{"advanced_seo_description":"","jetpack_seo_html_title":"","jetpack_seo_noindex":false,"ngg_post_thumbnail":0,"jetpack_post_was_ever_published":false,"footnotes":""},"class_list":["post-2771","page","type-page","status-publish","hentry"],"jetpack_shortlink":"https:\/\/wp.me\/PaHHlZ-IH","jetpack-related-posts":[{"id":16,"url":"https:\/\/www.gocmeniz.biz\/?page_id=16","url_meta":{"origin":2771,"position":0},"title":"Foto Galeri","author":"Admin","date":"27 \u015eubat 2007","format":false,"excerpt":"","rel":"","context":"&quot;Haberler&quot; i\u00e7inde","block_context":{"text":"Haberler","link":"https:\/\/www.gocmeniz.biz\/?cat=5"},"img":{"alt_text":"","src":"","width":0,"height":0},"classes":[]},{"id":2588,"url":"https:\/\/www.gocmeniz.biz\/?page_id=2588","url_meta":{"origin":2771,"position":1},"title":"Konsolosluk Notlar\u0131","author":"Haberci","date":"09 \u015eubat 2019","format":false,"excerpt":"Bulgaristan konsoloslu\u011funda s\u00fcrekli de\u011fi\u015fen uygulamalar olsa da, konsolosluk taraf\u0131nda ger\u00e7ekle\u015ftirdi\u011fimiz birka\u00e7 i\u015flem ile ilgili bilgileri sizlerle payla\u015fmak istedik. \u00c7ift vatanda\u015f\u0131z ve T\u00fcrkiye'de \u00e7ocu\u011fumuz oldu, Bulgaristan vatanda\u015fl\u0131\u011f\u0131 i\u00e7in ne yapmal\u0131y\u0131z ? Ba\u011fl\u0131 oldu\u011funuz n\u00fcfus m\u00fcd\u00fcrl\u00fc\u011f\u00fcnden; Ailenin a\u00e7\u0131klamal\u0131 n\u00fcfus kay\u0131t \u00f6rne\u011fi - Kaymakaml\u0131ktan apostil yapt\u0131r\u0131lacakt\u0131r. Anne ve baban\u0131n isim denklik belgeleri. -\u2026","rel":"","context":"Benzer yaz\u0131","block_context":{"text":"Benzer yaz\u0131","link":""},"img":{"alt_text":"","src":"https:\/\/i0.wp.com\/www.gocmeniz.biz\/wp-content\/image-1.png?resize=350%2C200&ssl=1","width":350,"height":200,"srcset":"https:\/\/i0.wp.com\/www.gocmeniz.biz\/wp-content\/image-1.png?resize=350%2C200&ssl=1 1x, https:\/\/i0.wp.com\/www.gocmeniz.biz\/wp-content\/image-1.png?resize=525%2C300&ssl=1 1.5x"},"classes":[]},{"id":12,"url":"https:\/\/www.gocmeniz.biz\/?page_id=12","url_meta":{"origin":2771,"position":2},"title":"Linkler","author":"Admin","date":"26 \u015eubat 2007","format":false,"excerpt":"Bulgaristan ile ilgili yararl\u0131 olabilece\u011fini d\u00fc\u015f\u00fcnd\u00fc\u011f\u00fcm\u00fcz linkler a\u015fa\u011f\u0131da verilmi\u015ftir. RESM\u0130 KURUMLAR Milli Gelirler Ajans\u0131 (Yeni kurulan ajans, vergi daireleri ile Sigorta Kurumu (NO\u0130) \u00e7al\u0131\u015fmalar\u0131n\u0131 birle\u015ftiriyor ve sigorta bor\u00e7lar\u0131n\u0131n toplanmas\u0131na yard\u0131mc\u0131 oluyor.) Devlet \u0130statistik Enstit\u00fcs\u00fc G\u00dcNL\u00dcK GAZETELER 24 \u00c7asa Monitor Novinar Pari Sega Standart Trud HAFTALIK GAZETELER Kapital TV VE RADYO\u2026","rel":"","context":"&quot;Haberler&quot; i\u00e7inde","block_context":{"text":"Haberler","link":"https:\/\/www.gocmeniz.biz\/?cat=5"},"img":{"alt_text":"","src":"","width":0,"height":0},"classes":[]},{"id":1909,"url":"https:\/\/www.gocmeniz.biz\/?page_id=1909","url_meta":{"origin":2771,"position":3},"title":"Gurbet\u00e7i Rehberi","author":"Haberci","date":"12 Kas\u0131m 2009","format":false,"excerpt":"Bu sayfadaki i\u00e7eriklerin yay\u0131mland\u0131\u011f\u0131 tarih: 12 Kas\u0131m 2009'dur. GURBET\u00c7\u0130 REHBER\u0130 Avrupa\u2019dan gelip Bulgaristan \u00fczerinden T\u00fcrkiye\u2019ye giden vatanda\u015flar\u0131n Bulgaristan hakk\u0131nda bilmesi gereken yararl\u0131 bilgiler: Avrupa\u2019dan gelen gurbet\u00e7iler S\u0131rbistan veya Romanya \u00fczerinden Bulgaristan\u2019a gidebilir. S\u0131rbistan\u2019dan Bulgaristan\u2019a giren gurbet\u00e7iler, Sofya \u2013 Plovdiv \u2013 Haskovo \u2013 Harmanli \u2013 Svilengrad \u2013 Kap\u0131kule g\u00fczergah\u0131n\u0131 kullanabilir. Ruse\u2019den\u2026","rel":"","context":"&quot;Haberler&quot; i\u00e7inde","block_context":{"text":"Haberler","link":"https:\/\/www.gocmeniz.biz\/?cat=5"},"img":{"alt_text":"","src":"","width":0,"height":0},"classes":[]},{"id":677,"url":"https:\/\/www.gocmeniz.biz\/?page_id=677","url_meta":{"origin":2771,"position":4},"title":"BG ve AB","author":"Haberci","date":"06 Aral\u0131k 2008","format":false,"excerpt":"Bu sayfadaki i\u00e7eriklerin son g\u00fcncelleme tarihi 6 Aral\u0131k 2008'dir. Avrupa Bulgaristan i\u00e7in ne yapabilir? Bulgaristan siyasi g\u00fc\u00e7lerinin temsilcileri, \u201cFriedrich Ebert\u201d vakf\u0131 taraf\u0131ndan d\u00fczenlenen tart\u0131\u015fma toplant\u0131s\u0131nda bir araya gelerek Avrupa\u2019n\u0131n Bulgaristan i\u00e7in ne yapabilece\u011fi sorusuna yan\u0131t bulmaya \u00e7al\u0131\u015ft\u0131. Ama\u00e7, \u00fclkemizin AB \u00fcyeli\u011finin bir\u00e7ok yarar sa\u011flad\u0131\u011f\u0131n\u0131n ve AB\u2019nin sundu\u011fu f\u0131rsatlar\u0131n de\u011ferlendirilmesi a\u00e7\u0131s\u0131ndan\u2026","rel":"","context":"&quot;Haberler&quot; i\u00e7inde","block_context":{"text":"Haberler","link":"https:\/\/www.gocmeniz.biz\/?cat=5"},"img":{"alt_text":"","src":"","width":0,"height":0},"classes":[]}],"jetpack_sharing_enabled":true,"jetpack_likes_enabled":true,"_links":{"self":[{"href":"https:\/\/www.gocmeniz.biz\/index.php?rest_route=\/wp\/v2\/pages\/2771","targetHints":{"allow":["GET"]}}],"collection":[{"href":"https:\/\/www.gocmeniz.biz\/index.php?rest_route=\/wp\/v2\/pages"}],"about":[{"href":"https:\/\/www.gocmeniz.biz\/index.php?rest_route=\/wp\/v2\/types\/page"}],"author":[{"embeddable":true,"href":"https:\/\/www.gocmeniz.biz\/index.php?rest_route=\/wp\/v2\/users\/331"}],"replies":[{"embeddable":true,"href":"https:\/\/www.gocmeniz.biz\/index.php?rest_route=%2Fwp%2Fv2%2Fcomments&post=2771"}],"version-history":[{"count":0,"href":"https:\/\/www.gocmeniz.biz\/index.php?rest_route=\/wp\/v2\/pages\/2771\/revisions"}],"wp:attachment":[{"href":"https:\/\/www.gocmeniz.biz\/index.php?rest_route=%2Fwp%2Fv2%2Fmedia&parent=2771"}],"curies":[{"name":"wp","href":"https:\/\/api.w.org\/{rel}","templated":true}]}}